{"id":16956,"date":"2020-11-24T17:03:42","date_gmt":"2020-11-24T16:03:42","guid":{"rendered":"https:\/\/camden.niou.dev\/?page_id=16956"},"modified":"2022-12-18T20:01:16","modified_gmt":"2022-12-18T19:01:16","slug":"style-comportemental","status":"publish","type":"page","link":"https:\/\/camdenconseil.com\/en\/formations\/style-comportemental\/","title":{"rendered":"Style comportemental"},"content":{"rendered":"<p>[vc_row cspt-bg-color=&#8221;white&#8221; css=&#8221;.vc_custom_1598428542381{padding: 30px !important;}&#8221;][vc_column][vc_row_inner content_placement=&#8221;middle&#8221;][vc_column_inner width=&#8221;1\/2&#8243;][vc_column_text]<\/p>\n<p style=\"font-weight: 400;\">Ce module est destin\u00e9 \u00e0 am\u00e9liorer les capacit\u00e9s \u00e0\u00a0<strong>communiquer et \u00e0 convaincre<\/strong>\u00a0de vos collaborateurs, qu&#8217;ils soient en charge de fonctions supports ou techniques, commerciaux, managers, responsables ADV, chefs de produit&#8230;.<\/p>\n<p style=\"font-weight: 400;\">Ils d\u00e9couvriront des techniques d\u2019analyse du comportement permettant de mieux comprendre son interlocuteur. Le\u00a0<em>mod\u00e8le de Marston<\/em>\u00a0et la ma\u00eetrise du langage des couleurs n&#8217;auront plus de secret pour eux.<\/p>\n<p style=\"font-weight: 400;\">Tous nos modules sont r\u00e9alis\u00e9s sur-mesure. <a href=\"https:\/\/camden.niou.dev\/contact\/\">Contactez-nous<\/a> et faites-nous part de vos besoins.<\/p>\n<p>[\/vc_column_text][\/vc_column_inner][vc_column_inner width=&#8221;1\/2&#8243;][vc_single_image image=&#8221;15280&#8243; img_size=&#8221;full&#8221; alignment=&#8221;center&#8221;][vc_btn title=&#8221;Contactez-nous&#8221; style=&#8221;flat&#8221; color=&#8221;secondarycolor&#8221; link=&#8221;url:https%3A%2F%2Fcamden.niou.dev%2Fcontact%2F|title:Contact||&#8221;][\/vc_column_inner][\/vc_row_inner][\/vc_column][\/vc_row]<\/p>\n","protected":false},"excerpt":{"rendered":"<p>[vc_row cspt-bg-color=&#8221;white&#8221; css=&#8221;.vc_custom_1598428542381{padding: 30px !important;}&#8221;][vc_column][vc_row_inner content_placement=&#8221;middle&#8221;][vc_column_inner width=&#8221;1\/2&#8243;][vc_column_text] Ce module est destin\u00e9 \u00e0 am\u00e9liorer les capacit\u00e9s \u00e0\u00a0communiquer et \u00e0 convaincre\u00a0de vos collaborateurs, qu&#8217;ils soient en charge de fonctions supports ou techniques, commerciaux, managers, responsables ADV, chefs de produit&#8230;. Ils d\u00e9couvriront des techniques d\u2019analyse du comportement permettant de mieux comprendre son interlocuteur. Le\u00a0mod\u00e8le de Marston\u00a0et la ma\u00eetrise [&hellip;]<\/p>\n","protected":false},"author":9,"featured_media":0,"parent":15413,"menu_order":11,"comment_status":"closed","ping_status":"closed","template":"","meta":{"_acf_changed":false,"inline_featured_image":false,"footnotes":""},"class_list":["post-16956","page","type-page","status-publish","hentry"],"acf":[],"yoast_head":"<!-- This site is optimized with the Yoast SEO plugin v26.9 - https:\/\/yoast.com\/product\/yoast-seo-wordpress\/ -->\n<title>Style comportemental - CamdenConseil<\/title>\n<meta name=\"description\" content=\"En savoir plus sur Style comportemental - cabinet de recrutement pour la recherche de profils, le recrutement et le suivi\" \/>\n<meta name=\"robots\" content=\"index, follow, max-snippet:-1, max-image-preview:large, max-video-preview:-1\" \/>\n<link rel=\"canonical\" href=\"https:\/\/camdenconseil.com\/en\/formations\/style-comportemental\/\" \/>\n<meta property=\"og:locale\" content=\"en_US\" \/>\n<meta property=\"og:type\" content=\"article\" \/>\n<meta property=\"og:title\" content=\"Style comportemental - CamdenConseil\" \/>\n<meta property=\"og:description\" content=\"En savoir plus sur Style comportemental - cabinet de recrutement pour la recherche de profils, le recrutement et le suivi\" \/>\n<meta property=\"og:url\" content=\"https:\/\/camdenconseil.com\/en\/formations\/style-comportemental\/\" \/>\n<meta property=\"og:site_name\" content=\"CamdenConseil\" \/>\n<meta property=\"article:modified_time\" content=\"2022-12-18T19:01:16+00:00\" \/>\n<meta property=\"og:image\" content=\"https:\/\/camdenconseil.com\/wp-content\/uploads\/2023\/01\/white.jpg\" \/>\n\t<meta property=\"og:image:width\" content=\"1000\" \/>\n\t<meta property=\"og:image:height\" content=\"1000\" \/>\n\t<meta property=\"og:image:type\" content=\"image\/jpeg\" \/>\n<meta name=\"twitter:card\" content=\"summary_large_image\" \/>\n<meta name=\"twitter:label1\" content=\"Est. reading time\" \/>\n\t<meta name=\"twitter:data1\" content=\"1 minute\" \/>\n<script type=\"application\/ld+json\" class=\"yoast-schema-graph\">{\"@context\":\"https:\/\/schema.org\",\"@graph\":[{\"@type\":\"WebPage\",\"@id\":\"https:\/\/camdenconseil.com\/en\/formations\/style-comportemental\/\",\"url\":\"https:\/\/camdenconseil.com\/en\/formations\/style-comportemental\/\",\"name\":\"Style comportemental - CamdenConseil\",\"isPartOf\":{\"@id\":\"https:\/\/camdenconseil.com\/#website\"},\"datePublished\":\"2020-11-24T16:03:42+00:00\",\"dateModified\":\"2022-12-18T19:01:16+00:00\",\"description\":\"En savoir plus sur Style comportemental - cabinet de recrutement pour la recherche de profils, le recrutement et le suivi\",\"breadcrumb\":{\"@id\":\"https:\/\/camdenconseil.com\/en\/formations\/style-comportemental\/#breadcrumb\"},\"inLanguage\":\"en-US\",\"potentialAction\":[{\"@type\":\"ReadAction\",\"target\":[\"https:\/\/camdenconseil.com\/en\/formations\/style-comportemental\/\"]}]},{\"@type\":\"BreadcrumbList\",\"@id\":\"https:\/\/camdenconseil.com\/en\/formations\/style-comportemental\/#breadcrumb\",\"itemListElement\":[{\"@type\":\"ListItem\",\"position\":1,\"name\":\"Accueil\",\"item\":\"https:\/\/camdenconseil.com\/en\/\"},{\"@type\":\"ListItem\",\"position\":2,\"name\":\"Formations\",\"item\":\"https:\/\/camdenconseil.com\/en\/formations\/\"},{\"@type\":\"ListItem\",\"position\":3,\"name\":\"Style comportemental\"}]},{\"@type\":\"WebSite\",\"@id\":\"https:\/\/camdenconseil.com\/#website\",\"url\":\"https:\/\/camdenconseil.com\/\",\"name\":\"CamdenConseil\",\"description\":\"Conseil en recrutement\",\"publisher\":{\"@id\":\"https:\/\/camdenconseil.com\/#organization\"},\"potentialAction\":[{\"@type\":\"SearchAction\",\"target\":{\"@type\":\"EntryPoint\",\"urlTemplate\":\"https:\/\/camdenconseil.com\/?s={search_term_string}\"},\"query-input\":{\"@type\":\"PropertyValueSpecification\",\"valueRequired\":true,\"valueName\":\"search_term_string\"}}],\"inLanguage\":\"en-US\"},{\"@type\":\"Organization\",\"@id\":\"https:\/\/camdenconseil.com\/#organization\",\"name\":\"Camden Conseil\",\"url\":\"https:\/\/camdenconseil.com\/\",\"logo\":{\"@type\":\"ImageObject\",\"inLanguage\":\"en-US\",\"@id\":\"https:\/\/camdenconseil.com\/#\/schema\/logo\/image\/\",\"url\":\"https:\/\/camden.niou.dev\/wp-content\/uploads\/2023\/01\/white.jpg\",\"contentUrl\":\"https:\/\/camden.niou.dev\/wp-content\/uploads\/2023\/01\/white.jpg\",\"width\":1000,\"height\":1000,\"caption\":\"Camden Conseil\"},\"image\":{\"@id\":\"https:\/\/camdenconseil.com\/#\/schema\/logo\/image\/\"}}]}<\/script>\n<!-- \/ Yoast SEO plugin. -->","yoast_head_json":{"title":"Style comportemental - CamdenConseil","description":"En savoir plus sur Style comportemental - cabinet de recrutement pour la recherche de profils, le recrutement et le suivi","robots":{"index":"index","follow":"follow","max-snippet":"max-snippet:-1","max-image-preview":"max-image-preview:large","max-video-preview":"max-video-preview:-1"},"canonical":"https:\/\/camdenconseil.com\/en\/formations\/style-comportemental\/","og_locale":"en_US","og_type":"article","og_title":"Style comportemental - CamdenConseil","og_description":"En savoir plus sur Style comportemental - cabinet de recrutement pour la recherche de profils, le recrutement et le suivi","og_url":"https:\/\/camdenconseil.com\/en\/formations\/style-comportemental\/","og_site_name":"CamdenConseil","article_modified_time":"2022-12-18T19:01:16+00:00","og_image":[{"width":1000,"height":1000,"url":"https:\/\/camdenconseil.com\/wp-content\/uploads\/2023\/01\/white.jpg","type":"image\/jpeg"}],"twitter_card":"summary_large_image","twitter_misc":{"Est. reading time":"1 minute"},"schema":{"@context":"https:\/\/schema.org","@graph":[{"@type":"WebPage","@id":"https:\/\/camdenconseil.com\/en\/formations\/style-comportemental\/","url":"https:\/\/camdenconseil.com\/en\/formations\/style-comportemental\/","name":"Style comportemental - CamdenConseil","isPartOf":{"@id":"https:\/\/camdenconseil.com\/#website"},"datePublished":"2020-11-24T16:03:42+00:00","dateModified":"2022-12-18T19:01:16+00:00","description":"En savoir plus sur Style comportemental - cabinet de recrutement pour la recherche de profils, le recrutement et le suivi","breadcrumb":{"@id":"https:\/\/camdenconseil.com\/en\/formations\/style-comportemental\/#breadcrumb"},"inLanguage":"en-US","potentialAction":[{"@type":"ReadAction","target":["https:\/\/camdenconseil.com\/en\/formations\/style-comportemental\/"]}]},{"@type":"BreadcrumbList","@id":"https:\/\/camdenconseil.com\/en\/formations\/style-comportemental\/#breadcrumb","itemListElement":[{"@type":"ListItem","position":1,"name":"Accueil","item":"https:\/\/camdenconseil.com\/en\/"},{"@type":"ListItem","position":2,"name":"Formations","item":"https:\/\/camdenconseil.com\/en\/formations\/"},{"@type":"ListItem","position":3,"name":"Style comportemental"}]},{"@type":"WebSite","@id":"https:\/\/camdenconseil.com\/#website","url":"https:\/\/camdenconseil.com\/","name":"CamdenConseil","description":"Conseil en recrutement","publisher":{"@id":"https:\/\/camdenconseil.com\/#organization"},"potentialAction":[{"@type":"SearchAction","target":{"@type":"EntryPoint","urlTemplate":"https:\/\/camdenconseil.com\/?s={search_term_string}"},"query-input":{"@type":"PropertyValueSpecification","valueRequired":true,"valueName":"search_term_string"}}],"inLanguage":"en-US"},{"@type":"Organization","@id":"https:\/\/camdenconseil.com\/#organization","name":"Camden Conseil","url":"https:\/\/camdenconseil.com\/","logo":{"@type":"ImageObject","inLanguage":"en-US","@id":"https:\/\/camdenconseil.com\/#\/schema\/logo\/image\/","url":"https:\/\/camden.niou.dev\/wp-content\/uploads\/2023\/01\/white.jpg","contentUrl":"https:\/\/camden.niou.dev\/wp-content\/uploads\/2023\/01\/white.jpg","width":1000,"height":1000,"caption":"Camden Conseil"},"image":{"@id":"https:\/\/camdenconseil.com\/#\/schema\/logo\/image\/"}}]}},"_links":{"self":[{"href":"https:\/\/camdenconseil.com\/en\/wp-json\/wp\/v2\/pages\/16956","targetHints":{"allow":["GET"]}}],"collection":[{"href":"https:\/\/camdenconseil.com\/en\/wp-json\/wp\/v2\/pages"}],"about":[{"href":"https:\/\/camdenconseil.com\/en\/wp-json\/wp\/v2\/types\/page"}],"author":[{"embeddable":true,"href":"https:\/\/camdenconseil.com\/en\/wp-json\/wp\/v2\/users\/9"}],"replies":[{"embeddable":true,"href":"https:\/\/camdenconseil.com\/en\/wp-json\/wp\/v2\/comments?post=16956"}],"version-history":[{"count":1,"href":"https:\/\/camdenconseil.com\/en\/wp-json\/wp\/v2\/pages\/16956\/revisions"}],"predecessor-version":[{"id":21068,"href":"https:\/\/camdenconseil.com\/en\/wp-json\/wp\/v2\/pages\/16956\/revisions\/21068"}],"up":[{"embeddable":true,"href":"https:\/\/camdenconseil.com\/en\/wp-json\/wp\/v2\/pages\/15413"}],"wp:attachment":[{"href":"https:\/\/camdenconseil.com\/en\/wp-json\/wp\/v2\/media?parent=16956"}],"curies":[{"name":"wp","href":"https:\/\/api.w.org\/{rel}","templated":true}]}}