{"id":15376,"date":"2020-01-29T05:12:36","date_gmt":"2020-01-29T05:12:36","guid":{"rendered":"https:\/\/camden.niou.dev\/?page_id=15376"},"modified":"2021-02-01T15:36:57","modified_gmt":"2021-02-01T14:36:57","slug":"about-us","status":"publish","type":"page","link":"https:\/\/camdenconseil.com\/en\/about-us\/","title":{"rendered":"About us"},"content":{"rendered":"<p>[vc_row cspt-bg-color=&#8221;white&#8221; cspt-bg-image-position=&#8221;center-bottom&#8221; cspt-bg-image-color-order=&#8221;image-over-color&#8221; full_width=&#8221;stretch_row&#8221; content_placement=&#8221;middle&#8221; css=&#8221;.vc_custom_1599573827974{margin-top: 0px !important;padding-top: 30px !important;padding-bottom: 60px !important;background-position: 0 0 !important;background-repeat: repeat !important;}&#8221; el_class=&#8221;cspt-overflow-visible&#8221; cspt-responsive-css=&#8221;52451703|colbreak_no|||||||||colbreak_yes|||||||50||colbreak_no||||||||||colbreak_no|||||||||&#8221;][vc_column][\/vc_column][vc_column cspt-zindex=&#8221;2&#8243; width=&#8221;1\/2&#8243; cspt-responsive-css=&#8221;62814254|colbreak_no|||||||||colbreak_no|||0||||||colbreak_no||||||||||colbreak_no|||||||||&#8221;][vc_single_image image=&#8221;15327&#8243; img_size=&#8221;520*530&#8243; css=&#8221;.vc_custom_1607608467667{margin-bottom: 0px !important;}&#8221; el_class=&#8221;cspt-about-image&#8221;][\/vc_column][vc_column width=&#8221;1\/2&#8243; css=&#8221;.vc_custom_1581328281579{padding-left: 30px !important;}&#8221; cspt-responsive-css=&#8221;65891897|colbreak_no|||||||||colbreak_no|60||||||50|0|colbreak_no||||||||||colbreak_no|||||||||&#8221;][vc_column_text]We\u2019re a close-knit company made up of specialist consultants who recruit into business areas in which they previously worked.<\/p>\n<p>Specialising in Sales and Marketing, since 2005 we have been working alongside major companies and SMEs, helping them with recruitment needs and providing valuable consultancy services.[\/vc_column_text]<div  class=\"creativesplanet-ul-list cspt-list-style cspt-ul-type-icon vc_custom_1609235725919\"><ul><li><i class=\"cspt-globalcolor entypo-icon entypo-icon-right-open-mini\"><\/i> Our mission: To find and appraise the best possible candidates to ensure the development of our clients\u2019 business<\/li><li><i class=\"cspt-globalcolor entypo-icon entypo-icon-right-open-mini\"><\/i> Our philosophy: Proximity, Pragmatism and Results<\/li><li><i class=\"cspt-globalcolor entypo-icon entypo-icon-right-open-mini\"><\/i> Our offices: Paris, Nantes, La Rochelle, Toulouse, Lyon and Lille\u2026  we provide a high-quality service nationwide<\/li><\/ul><\/div>[vc_column_text css=&#8221;.vc_custom_1609235740398{margin-top: 0px !important;padding-top: 0px !important;}&#8221;]Since the very first edition of <strong><em>Les Echos\/Statista<\/em><\/strong> ranking some four years ago, Impactup has consistently featured amongst the \u2018Best Recruitment Agencies\u2019 in the category \u2018Managers and Specialists\u2019.[\/vc_column_text][vc_btn title=&#8221;Contact us&#8221; style=&#8221;simple&#8221; css=&#8221;.vc_custom_1609235751546{margin-bottom: 0px !important;}&#8221; link=&#8221;url:https%3A%2F%2Fcamden.niou.dev%2Fcontact%2F|title:Contact||&#8221;][\/vc_column][\/vc_row][vc_row cspt-bg-image-position=&#8221;center-bottom&#8221; cspt-bg-image-color-order=&#8221;image-over-color&#8221; full_width=&#8221;stretch_row&#8221; content_placement=&#8221;top&#8221; css=&#8221;.vc_custom_1606917877566{margin-top: 0px !important;padding-top: 0px !important;padding-bottom: 0px !important;background-position: 0 0 !important;background-repeat: repeat !important;}&#8221; el_class=&#8221;cspt-overflow-visible&#8221; cspt-responsive-css=&#8221;52451703|colbreak_no|||||||||colbreak_yes|||||||50||colbreak_no||||||||||colbreak_no|||||||||&#8221;][vc_column][\/vc_column][vc_column cspt-zindex=&#8221;2&#8243; width=&#8221;1\/2&#8243; cspt-responsive-css=&#8221;62814254|colbreak_no|||||||||colbreak_no|||0||||||colbreak_no||||||||||colbreak_no|||||||||&#8221;][vc_column_text]With extensive operational experience in the fields of Sales and Marketing Management, and General Management across different business sectors, in 2005 Pascal Larue decided to create a recruitment and process outsourcing agency.<\/p>\n<p>In 2007, the agency became Impactup\u00ae, specialising in sales and marketing, and focussing on two distinct areas:<\/p>\n<ul>\n<li>Recruitment<\/li>\n<li>Consultancy services in business and sales development and organisation<\/li>\n<\/ul>\n<p>Several years later, he was joined by Emmanuel Laquerri\u00e8re, a retail expert with some 15 years of management experience working within international Groups.<\/p>\n<p>They had already known each other for a long time, as, after finishing their studies, they had both started their careers as Sales Managers in the same company. They then went their separate ways, but always stayed in touch and regularly discussed the idea of working together again.<\/p>\n<p>With their shared values, complementary strengths, and the desire to combine them, in 2014 they finally joined forces with a view to driving the agency into a new phase of its development.[\/vc_column_text][\/vc_column][vc_column width=&#8221;1\/2&#8243; css=&#8221;.vc_custom_1581328281579{padding-left: 30px !important;}&#8221; cspt-responsive-css=&#8221;65891897|colbreak_no|||||||||colbreak_no|60||||||50|0|colbreak_no||||||||||colbreak_no|||||||||&#8221;][vc_empty_space]<div  class=\"cspt-single-image-w cspt-single-hover-yes \"><img decoding=\"async\" width=\"2560\" height=\"1707\" data-src=\"https:\/\/camdenconseil.com\/wp-content\/uploads\/2020\/10\/who-needs-a-personal-assistant-with-all-these-grea-5LC4G7W-scaled.jpg\" class=\"cspt_vc_single_image-img attachment-full lazyload\" alt=\"\" data-srcset=\"https:\/\/camdenconseil.com\/wp-content\/uploads\/2020\/10\/who-needs-a-personal-assistant-with-all-these-grea-5LC4G7W-scaled.jpg 2560w, https:\/\/camdenconseil.com\/wp-content\/uploads\/2020\/10\/who-needs-a-personal-assistant-with-all-these-grea-5LC4G7W-300x200.jpg 300w, https:\/\/camdenconseil.com\/wp-content\/uploads\/2020\/10\/who-needs-a-personal-assistant-with-all-these-grea-5LC4G7W-1024x683.jpg 1024w, https:\/\/camdenconseil.com\/wp-content\/uploads\/2020\/10\/who-needs-a-personal-assistant-with-all-these-grea-5LC4G7W-768x512.jpg 768w, https:\/\/camdenconseil.com\/wp-content\/uploads\/2020\/10\/who-needs-a-personal-assistant-with-all-these-grea-5LC4G7W-1536x1024.jpg 1536w, https:\/\/camdenconseil.com\/wp-content\/uploads\/2020\/10\/who-needs-a-personal-assistant-with-all-these-grea-5LC4G7W-2048x1365.jpg 2048w, https:\/\/camdenconseil.com\/wp-content\/uploads\/2020\/10\/who-needs-a-personal-assistant-with-all-these-grea-5LC4G7W-770x513.jpg 770w\" data-sizes=\"(max-width: 2560px) 100vw, 2560px\" data-id=\"15325\" src=\"data:image\/svg+xml;base64,PHN2ZyB3aWR0aD0iMSIgaGVpZ2h0PSIxIiB4bWxucz0iaHR0cDovL3d3dy53My5vcmcvMjAwMC9zdmciPjwvc3ZnPg==\" style=\"--smush-placeholder-width: 2560px; --smush-placeholder-aspect-ratio: 2560\/1707;\" \/><\/div>[vc_empty_space][vc_column_text]Today, with the support of a strong team of consultants and researchers, they work together to oversee the company\u2019s activities.<\/p>\n<p>As one of France\u2019s leading recruitment specialists in Sales and Marketing positions, including Sales Representatives, Sales Managers, Area Managers, Regional Directors, Sales Directors, the agency has continued to expand its operations and now has offices in Paris, Nantes, La Rochelle, Toulouse, Lyon and Lille.[\/vc_column_text][\/vc_column][\/vc_row][vc_row cspt-bg-color=&#8221;white&#8221; cspt-extended-column=&#8221;both&#8221; css=&#8221;.vc_custom_1606920900366{margin-top: 0px !important;margin-bottom: 0px !important;padding-top: 30px !important;padding-bottom: 0px !important;}&#8221;][vc_column][vc_row_inner equal_height=&#8221;yes&#8221; content_placement=&#8221;middle&#8221; css=&#8221;.vc_custom_1607330475118{margin-top: 0px !important;margin-bottom: 0px !important;padding-top: 0px !important;padding-bottom: 0px !important;}&#8221;][vc_column_inner width=&#8221;1\/6&#8243;][\/vc_column_inner][vc_column_inner width=&#8221;1\/3&#8243;][awavc_flipbox_advanced background_image_front=&#8221;17043&#8243; background_image_back=&#8221;17007&#8243; block_height=&#8221;300px&#8221; format_header_fontsize=&#8221;0&#8243; format_description_fontsize=&#8221;0&#8243; format_icon_fontsize=&#8221;0&#8243; css=&#8221;.vc_custom_1607330956543{margin-right: 20% !important;margin-left: 20% !important;}&#8221;][vc_icon type=&#8221;monosocial&#8221; icon_monosocial=&#8221;vc-mono vc-mono-linkedin&#8221; size=&#8221;xs&#8221; align=&#8221;center&#8221; link=&#8221;url:https%3A%2F%2Fwww.linkedin.com%2Fin%2Fpascal-larue-a918021%2F%3ForiginalSubdomain%3Dfr||target:%20_blank|&#8221; css=&#8221;.vc_custom_1608652792657{margin-top: 0px !important;padding-top: 0px !important;}&#8221;][\/vc_column_inner][vc_column_inner width=&#8221;1\/3&#8243;][awavc_flipbox_advanced background_image_front=&#8221;16899&#8243; background_image_back=&#8221;17041&#8243; block_height=&#8221;300px&#8221; format_header_fontsize=&#8221;0&#8243; format_description_fontsize=&#8221;0&#8243; format_icon_fontsize=&#8221;0&#8243; css=&#8221;.vc_custom_1607330966663{margin-right: 20% !important;margin-left: 20% !important;}&#8221;][vc_icon type=&#8221;monosocial&#8221; icon_monosocial=&#8221;vc-mono vc-mono-linkedin&#8221; size=&#8221;xs&#8221; align=&#8221;center&#8221; link=&#8221;url:https%3A%2F%2Fwww.linkedin.com%2Fin%2Femmanuellaquerri%25C3%25A8re%2F||target:%20_blank|&#8221; css=&#8221;.vc_custom_1608652881257{margin-top: 0px !important;padding-top: 0px !important;}&#8221;][\/vc_column_inner][vc_column_inner width=&#8221;1\/6&#8243;][\/vc_column_inner][\/vc_row_inner][vc_empty_space][\/vc_column][\/vc_row][vc_row cspt-bg-color=&#8221;white&#8221; cspt-bg-image-position=&#8221;center-bottom&#8221; cspt-bg-image-color-order=&#8221;image-over-color&#8221; full_width=&#8221;stretch_row&#8221; content_placement=&#8221;top&#8221; css=&#8221;.vc_custom_1606920733168{margin-top: 0px !important;margin-bottom: 0px !important;padding-top: 0px !important;padding-bottom: 0px !important;background-position: 0 0 !important;background-repeat: repeat !important;}&#8221; el_class=&#8221;cspt-overflow-visible&#8221; cspt-responsive-css=&#8221;52451703|colbreak_no|||||||||colbreak_yes|||||||50||colbreak_no||||||||||colbreak_no|||||||||&#8221;][vc_column width=&#8221;1\/2&#8243;]<div  class=\"creativesplanet-ul-list cspt-list-style cspt-ul-type-icon vc_custom_1612190139295\"><ul><li><i class=\"cspt-globalcolor entypo-icon entypo-icon-right-open-mini\"><\/i> Pragmatism: At Impactup, 100% of our team members have worked in Sales and Marketing. Each of them is responsible for recruiting into the fields and business environments in which they have a thorough knowledge of the constraints and fundamentals.<\/li><li><i class=\"cspt-globalcolor entypo-icon entypo-icon-right-open-mini\"><\/i> Proximity: We are a close-knit company, able to provide personalised solutions for each of our clients, working with them over the long-term. Whether household names or small- or medium-sized businesses, our clients become our partners. This close working relationship also extends to our candidates with whom we keep regular, proactive, contact.<\/li><li><i class=\"cspt-globalcolor entypo-icon entypo-icon-right-open-mini\"><\/i> Results: Our primary goal is ensuring we find the best candidate for our clients. We are constantly focussed on this objective whilst deploying our high standards of talent sourcing and appraisal.<\/li><\/ul><\/div>[vc_column_text css=&#8221;.vc_custom_1612190184029{margin-top: 0px !important;padding-top: 0px !important;}&#8221;]Recruiting the very best Sales and Marketing professionals is a major consideration for all companies, whatever their size and whichever domain they operate in. Our recruitment techniques, along with our search and selection methods and tools, enable us to speed up the recruitment process and provide our clients with the greatest possible level of confidence in their decision-making process, thereby limiting risks.[\/vc_column_text][vc_empty_space][\/vc_column][vc_column cspt-zindex=&#8221;2&#8243; width=&#8221;1\/2&#8243; cspt-responsive-css=&#8221;62814254|colbreak_no|||||||||colbreak_no|||0||||||colbreak_no||||||||||colbreak_no|||||||||&#8221;]<div  class=\"cspt-single-image-w cspt-single-hover-yes \"><img decoding=\"async\" width=\"2560\" height=\"1707\" data-src=\"https:\/\/camdenconseil.com\/wp-content\/uploads\/2020\/11\/campaign-creators-gMsnXqILjp4-unsplash-scaled.jpg\" class=\"cspt_vc_single_image-img attachment-full lazyload\" alt=\"T\u00e9l\u00e9travail et r\u00e9tention Employ\u00e9s\" data-srcset=\"https:\/\/camdenconseil.com\/wp-content\/uploads\/2020\/11\/campaign-creators-gMsnXqILjp4-unsplash-scaled.jpg 2560w, https:\/\/camdenconseil.com\/wp-content\/uploads\/2020\/11\/campaign-creators-gMsnXqILjp4-unsplash-300x200.jpg 300w, https:\/\/camdenconseil.com\/wp-content\/uploads\/2020\/11\/campaign-creators-gMsnXqILjp4-unsplash-1024x683.jpg 1024w, https:\/\/camdenconseil.com\/wp-content\/uploads\/2020\/11\/campaign-creators-gMsnXqILjp4-unsplash-768x512.jpg 768w, https:\/\/camdenconseil.com\/wp-content\/uploads\/2020\/11\/campaign-creators-gMsnXqILjp4-unsplash-1536x1024.jpg 1536w, https:\/\/camdenconseil.com\/wp-content\/uploads\/2020\/11\/campaign-creators-gMsnXqILjp4-unsplash-2048x1365.jpg 2048w, https:\/\/camdenconseil.com\/wp-content\/uploads\/2020\/11\/campaign-creators-gMsnXqILjp4-unsplash-770x513.jpg 770w\" data-sizes=\"(max-width: 2560px) 100vw, 2560px\" data-id=\"16939\" src=\"data:image\/svg+xml;base64,PHN2ZyB3aWR0aD0iMSIgaGVpZ2h0PSIxIiB4bWxucz0iaHR0cDovL3d3dy53My5vcmcvMjAwMC9zdmciPjwvc3ZnPg==\" style=\"--smush-placeholder-width: 2560px; --smush-placeholder-aspect-ratio: 2560\/1707;\" \/><\/div>[vc_empty_space][vc_column_text css=&#8221;.vc_custom_1609235972177{margin-top: 0px !important;padding-top: 0px !important;}&#8221;]Based on our guiding philosophy, which is a guarantee for healthy and sustainable relationships, we aim to continue to pursue our business development. We are firmly committed to progress, and each year we invest in the most effective and high-performance tools currently available on the market.[\/vc_column_text][vc_empty_space][vc_empty_space][\/vc_column][\/vc_row][vc_row cspt-bg-color=&#8221;light&#8221; cspt-bg-image-position=&#8221;center-center&#8221; cspt-bg-image-color-order=&#8221;image-over-color&#8221; full_width=&#8221;stretch_row&#8221; content_placement=&#8221;middle&#8221; css=&#8221;.vc_custom_1601324634048{padding-top: 60px !important;padding-bottom: 60px !important;background-image: url(http:\/\/emphires-demo.creativesplanet.com\/datasite-emphires\/wp-content\/uploads\/sites\/10\/2020\/01\/map-02.png?id=11871) !important;background-position: 0 0 !important;background-repeat: no-repeat !important;}&#8221; el_class=&#8221;cspt-overflow-visible&#8221; cspt-responsive-css=&#8221;30975448|colbreak_no|||||||||colbreak_yes|||||||||colbreak_no||||||||||colbreak_no|||||||||&#8221;][vc_column css=&#8221;.vc_custom_1579683623570{padding-top: 40px !important;}&#8221;][vc_row_inner equal_height=&#8221;yes&#8221;][vc_column_inner width=&#8221;1\/4&#8243;][\/vc_column_inner][vc_column_inner width=&#8221;1\/4&#8243; cspt-responsive-css=&#8221;87301068|colbreak_no|||||||||colbreak_no|||||||||colbreak_no|25|||||||||colbreak_no|||||||||&#8221;][\/vc_column_inner][vc_column_inner width=&#8221;1\/4&#8243; cspt-responsive-css=&#8221;19213624|colbreak_no|||||||||colbreak_no|||||||||colbreak_no|25|||||||||colbreak_no|||||||||&#8221;][\/vc_column_inner][vc_column_inner width=&#8221;1\/4&#8243; cspt-responsive-css=&#8221;62738518|colbreak_no|||||||||colbreak_no|||||||||colbreak_no|25px|||||||||colbreak_no|||||||||&#8221;][\/vc_column_inner][\/vc_row_inner][\/vc_column][\/vc_row]<\/p>\n","protected":false},"excerpt":{"rendered":"<p>[vc_row cspt-bg-color=&#8221;white&#8221; cspt-bg-image-position=&#8221;center-bottom&#8221; cspt-bg-image-color-order=&#8221;image-over-color&#8221; full_width=&#8221;stretch_row&#8221; content_placement=&#8221;middle&#8221; css=&#8221;.vc_custom_1599573827974{margin-top: 0px !important;padding-top: 30px !important;padding-bottom: 60px !important;background-position: 0 0 !important;background-repeat: repeat !important;}&#8221; el_class=&#8221;cspt-overflow-visible&#8221; cspt-responsive-css=&#8221;52451703|colbreak_no|||||||||colbreak_yes|||||||50||colbreak_no||||||||||colbreak_no|||||||||&#8221;][vc_column][\/vc_column][vc_column cspt-zindex=&#8221;2&#8243; width=&#8221;1\/2&#8243; cspt-responsive-css=&#8221;62814254|colbreak_no|||||||||colbreak_no|||0||||||colbreak_no||||||||||colbreak_no|||||||||&#8221;][vc_single_image image=&#8221;15327&#8243; img_size=&#8221;520*530&#8243; css=&#8221;.vc_custom_1607608467667{margin-bottom: 0px !important;}&#8221; el_class=&#8221;cspt-about-image&#8221;][\/vc_column][vc_column width=&#8221;1\/2&#8243; css=&#8221;.vc_custom_1581328281579{padding-left: 30px !important;}&#8221; cspt-responsive-css=&#8221;65891897|colbreak_no|||||||||colbreak_no|60||||||50|0|colbreak_no||||||||||colbreak_no|||||||||&#8221;][vc_column_text]We\u2019re a close-knit company made up of specialist consultants who recruit into business areas in which they previously worked. Specialising in Sales [&hellip;]<\/p>\n","protected":false},"author":9,"featured_media":21102,"parent":0,"menu_order":6,"comment_status":"closed","ping_status":"closed","template":"","meta":{"_acf_changed":false,"inline_featured_image":false,"footnotes":""},"class_list":["post-15376","page","type-page","status-publish","has-post-thumbnail","hentry"],"acf":[],"yoast_head":"<!-- This site is optimized with the Yoast SEO plugin v26.9 - https:\/\/yoast.com\/product\/yoast-seo-wordpress\/ -->\n<title>About us - CamdenConseil<\/title>\n<meta name=\"description\" content=\"En savoir plus sur About us - cabinet de recrutement pour la recherche de profils, le recrutement et le suivi\" \/>\n<meta name=\"robots\" content=\"index, follow, max-snippet:-1, max-image-preview:large, max-video-preview:-1\" \/>\n<link rel=\"canonical\" href=\"https:\/\/camdenconseil.com\/en\/about-us\/\" \/>\n<meta property=\"og:locale\" content=\"en_US\" \/>\n<meta property=\"og:type\" content=\"article\" \/>\n<meta property=\"og:title\" content=\"About us - CamdenConseil\" \/>\n<meta property=\"og:description\" content=\"En savoir plus sur About us - cabinet de recrutement pour la recherche de profils, le recrutement et le suivi\" \/>\n<meta property=\"og:url\" content=\"https:\/\/camdenconseil.com\/en\/about-us\/\" \/>\n<meta property=\"og:site_name\" content=\"CamdenConseil\" \/>\n<meta property=\"article:modified_time\" content=\"2021-02-01T14:36:57+00:00\" \/>\n<meta property=\"og:image\" content=\"https:\/\/camdenconseil.com\/wp-content\/uploads\/2022\/12\/0-scaled.jpg\" \/>\n\t<meta property=\"og:image:width\" content=\"2560\" \/>\n\t<meta property=\"og:image:height\" content=\"1273\" \/>\n\t<meta property=\"og:image:type\" content=\"image\/jpeg\" \/>\n<meta name=\"twitter:card\" content=\"summary_large_image\" \/>\n<meta name=\"twitter:label1\" content=\"Est. reading time\" \/>\n\t<meta name=\"twitter:data1\" content=\"8 minutes\" \/>\n<script type=\"application\/ld+json\" class=\"yoast-schema-graph\">{\"@context\":\"https:\/\/schema.org\",\"@graph\":[{\"@type\":\"WebPage\",\"@id\":\"https:\/\/camdenconseil.com\/en\/about-us\/\",\"url\":\"https:\/\/camdenconseil.com\/en\/about-us\/\",\"name\":\"About us - CamdenConseil\",\"isPartOf\":{\"@id\":\"https:\/\/camdenconseil.com\/#website\"},\"primaryImageOfPage\":{\"@id\":\"https:\/\/camdenconseil.com\/en\/about-us\/#primaryimage\"},\"image\":{\"@id\":\"https:\/\/camdenconseil.com\/en\/about-us\/#primaryimage\"},\"thumbnailUrl\":\"https:\/\/camdenconseil.com\/wp-content\/uploads\/2022\/12\/0-scaled.jpg\",\"datePublished\":\"2020-01-29T05:12:36+00:00\",\"dateModified\":\"2021-02-01T14:36:57+00:00\",\"description\":\"En savoir plus sur About us - cabinet de recrutement pour la recherche de profils, le recrutement et le suivi\",\"breadcrumb\":{\"@id\":\"https:\/\/camdenconseil.com\/en\/about-us\/#breadcrumb\"},\"inLanguage\":\"en-US\",\"potentialAction\":[{\"@type\":\"ReadAction\",\"target\":[\"https:\/\/camdenconseil.com\/en\/about-us\/\"]}]},{\"@type\":\"ImageObject\",\"inLanguage\":\"en-US\",\"@id\":\"https:\/\/camdenconseil.com\/en\/about-us\/#primaryimage\",\"url\":\"https:\/\/camdenconseil.com\/wp-content\/uploads\/2022\/12\/0-scaled.jpg\",\"contentUrl\":\"https:\/\/camdenconseil.com\/wp-content\/uploads\/2022\/12\/0-scaled.jpg\",\"width\":2560,\"height\":1273},{\"@type\":\"BreadcrumbList\",\"@id\":\"https:\/\/camdenconseil.com\/en\/about-us\/#breadcrumb\",\"itemListElement\":[{\"@type\":\"ListItem\",\"position\":1,\"name\":\"Accueil\",\"item\":\"https:\/\/camdenconseil.com\/en\/\"},{\"@type\":\"ListItem\",\"position\":2,\"name\":\"About us\"}]},{\"@type\":\"WebSite\",\"@id\":\"https:\/\/camdenconseil.com\/#website\",\"url\":\"https:\/\/camdenconseil.com\/\",\"name\":\"CamdenConseil\",\"description\":\"Conseil en recrutement\",\"publisher\":{\"@id\":\"https:\/\/camdenconseil.com\/#organization\"},\"potentialAction\":[{\"@type\":\"SearchAction\",\"target\":{\"@type\":\"EntryPoint\",\"urlTemplate\":\"https:\/\/camdenconseil.com\/?s={search_term_string}\"},\"query-input\":{\"@type\":\"PropertyValueSpecification\",\"valueRequired\":true,\"valueName\":\"search_term_string\"}}],\"inLanguage\":\"en-US\"},{\"@type\":\"Organization\",\"@id\":\"https:\/\/camdenconseil.com\/#organization\",\"name\":\"Camden Conseil\",\"url\":\"https:\/\/camdenconseil.com\/\",\"logo\":{\"@type\":\"ImageObject\",\"inLanguage\":\"en-US\",\"@id\":\"https:\/\/camdenconseil.com\/#\/schema\/logo\/image\/\",\"url\":\"https:\/\/camden.niou.dev\/wp-content\/uploads\/2023\/01\/white.jpg\",\"contentUrl\":\"https:\/\/camden.niou.dev\/wp-content\/uploads\/2023\/01\/white.jpg\",\"width\":1000,\"height\":1000,\"caption\":\"Camden Conseil\"},\"image\":{\"@id\":\"https:\/\/camdenconseil.com\/#\/schema\/logo\/image\/\"}}]}<\/script>\n<!-- \/ Yoast SEO plugin. -->","yoast_head_json":{"title":"About us - CamdenConseil","description":"En savoir plus sur About us - cabinet de recrutement pour la recherche de profils, le recrutement et le suivi","robots":{"index":"index","follow":"follow","max-snippet":"max-snippet:-1","max-image-preview":"max-image-preview:large","max-video-preview":"max-video-preview:-1"},"canonical":"https:\/\/camdenconseil.com\/en\/about-us\/","og_locale":"en_US","og_type":"article","og_title":"About us - CamdenConseil","og_description":"En savoir plus sur About us - cabinet de recrutement pour la recherche de profils, le recrutement et le suivi","og_url":"https:\/\/camdenconseil.com\/en\/about-us\/","og_site_name":"CamdenConseil","article_modified_time":"2021-02-01T14:36:57+00:00","og_image":[{"width":2560,"height":1273,"url":"https:\/\/camdenconseil.com\/wp-content\/uploads\/2022\/12\/0-scaled.jpg","type":"image\/jpeg"}],"twitter_card":"summary_large_image","twitter_misc":{"Est. reading time":"8 minutes"},"schema":{"@context":"https:\/\/schema.org","@graph":[{"@type":"WebPage","@id":"https:\/\/camdenconseil.com\/en\/about-us\/","url":"https:\/\/camdenconseil.com\/en\/about-us\/","name":"About us - CamdenConseil","isPartOf":{"@id":"https:\/\/camdenconseil.com\/#website"},"primaryImageOfPage":{"@id":"https:\/\/camdenconseil.com\/en\/about-us\/#primaryimage"},"image":{"@id":"https:\/\/camdenconseil.com\/en\/about-us\/#primaryimage"},"thumbnailUrl":"https:\/\/camdenconseil.com\/wp-content\/uploads\/2022\/12\/0-scaled.jpg","datePublished":"2020-01-29T05:12:36+00:00","dateModified":"2021-02-01T14:36:57+00:00","description":"En savoir plus sur About us - cabinet de recrutement pour la recherche de profils, le recrutement et le suivi","breadcrumb":{"@id":"https:\/\/camdenconseil.com\/en\/about-us\/#breadcrumb"},"inLanguage":"en-US","potentialAction":[{"@type":"ReadAction","target":["https:\/\/camdenconseil.com\/en\/about-us\/"]}]},{"@type":"ImageObject","inLanguage":"en-US","@id":"https:\/\/camdenconseil.com\/en\/about-us\/#primaryimage","url":"https:\/\/camdenconseil.com\/wp-content\/uploads\/2022\/12\/0-scaled.jpg","contentUrl":"https:\/\/camdenconseil.com\/wp-content\/uploads\/2022\/12\/0-scaled.jpg","width":2560,"height":1273},{"@type":"BreadcrumbList","@id":"https:\/\/camdenconseil.com\/en\/about-us\/#breadcrumb","itemListElement":[{"@type":"ListItem","position":1,"name":"Accueil","item":"https:\/\/camdenconseil.com\/en\/"},{"@type":"ListItem","position":2,"name":"About us"}]},{"@type":"WebSite","@id":"https:\/\/camdenconseil.com\/#website","url":"https:\/\/camdenconseil.com\/","name":"CamdenConseil","description":"Conseil en recrutement","publisher":{"@id":"https:\/\/camdenconseil.com\/#organization"},"potentialAction":[{"@type":"SearchAction","target":{"@type":"EntryPoint","urlTemplate":"https:\/\/camdenconseil.com\/?s={search_term_string}"},"query-input":{"@type":"PropertyValueSpecification","valueRequired":true,"valueName":"search_term_string"}}],"inLanguage":"en-US"},{"@type":"Organization","@id":"https:\/\/camdenconseil.com\/#organization","name":"Camden Conseil","url":"https:\/\/camdenconseil.com\/","logo":{"@type":"ImageObject","inLanguage":"en-US","@id":"https:\/\/camdenconseil.com\/#\/schema\/logo\/image\/","url":"https:\/\/camden.niou.dev\/wp-content\/uploads\/2023\/01\/white.jpg","contentUrl":"https:\/\/camden.niou.dev\/wp-content\/uploads\/2023\/01\/white.jpg","width":1000,"height":1000,"caption":"Camden Conseil"},"image":{"@id":"https:\/\/camdenconseil.com\/#\/schema\/logo\/image\/"}}]}},"_links":{"self":[{"href":"https:\/\/camdenconseil.com\/en\/wp-json\/wp\/v2\/pages\/15376","targetHints":{"allow":["GET"]}}],"collection":[{"href":"https:\/\/camdenconseil.com\/en\/wp-json\/wp\/v2\/pages"}],"about":[{"href":"https:\/\/camdenconseil.com\/en\/wp-json\/wp\/v2\/types\/page"}],"author":[{"embeddable":true,"href":"https:\/\/camdenconseil.com\/en\/wp-json\/wp\/v2\/users\/9"}],"replies":[{"embeddable":true,"href":"https:\/\/camdenconseil.com\/en\/wp-json\/wp\/v2\/comments?post=15376"}],"version-history":[{"count":2,"href":"https:\/\/camdenconseil.com\/en\/wp-json\/wp\/v2\/pages\/15376\/revisions"}],"predecessor-version":[{"id":18906,"href":"https:\/\/camdenconseil.com\/en\/wp-json\/wp\/v2\/pages\/15376\/revisions\/18906"}],"wp:featuredmedia":[{"embeddable":true,"href":"https:\/\/camdenconseil.com\/en\/wp-json\/wp\/v2\/media\/21102"}],"wp:attachment":[{"href":"https:\/\/camdenconseil.com\/en\/wp-json\/wp\/v2\/media?parent=15376"}],"curies":[{"name":"wp","href":"https:\/\/api.w.org\/{rel}","templated":true}]}}